{"id":3794,"date":"2020-04-07T08:21:44","date_gmt":"2020-04-07T08:21:44","guid":{"rendered":"https:\/\/bezpecnenanete.eset.com\/sk\/?page_id=3794"},"modified":"2026-04-08T11:51:27","modified_gmt":"2026-04-08T11:51:27","slug":"bezpecnostne-riesenia","status":"publish","type":"page","link":"https:\/\/bezpecnenanete.eset.com\/sk\/bezpecnostne-riesenia\/","title":{"rendered":"Na\u0161e bezpe\u010dnostn\u00e9 rie\u0161enia"},"content":{"rendered":"\n<p><\/p>\n\n\n\n<div id=\"Internet-Security\" class=\"wp-block-group\"><div class=\"wp-block-group__inner-container is-layout-flow wp-block-group-is-layout-flow\">\n<div class=\"wp-block-columns are-vertically-aligned-center is-layout-flex wp-container-core-columns-is-layout-9d6595d7 wp-block-columns-is-layout-flex\">\n<div class=\"wp-block-column is-vertically-aligned-center is-layout-flow wp-block-column-is-layout-flow\" style=\"flex-basis:41%\">\n<figure class=\"wp-block-image size-full is-resized\"><img loading=\"lazy\" decoding=\"async\" width=\"500\" height=\"500\" src=\"https:\/\/bezpecnenanete.eset.com\/sk\/wp-content\/uploads\/2023\/11\/EHSE_500x500.png\" alt=\"\" class=\"wp-image-13003\" style=\"width:375px;height:408px\" srcset=\"https:\/\/bezpecnenanete.eset.com\/sk\/wp-content\/uploads\/2023\/11\/EHSE_500x500.png 500w, https:\/\/bezpecnenanete.eset.com\/sk\/wp-content\/uploads\/2023\/11\/EHSE_500x500-300x300.png 300w, https:\/\/bezpecnenanete.eset.com\/sk\/wp-content\/uploads\/2023\/11\/EHSE_500x500-150x150.png 150w, https:\/\/bezpecnenanete.eset.com\/sk\/wp-content\/uploads\/2023\/11\/EHSE_500x500-400x400.png 400w, https:\/\/bezpecnenanete.eset.com\/sk\/wp-content\/uploads\/2023\/11\/EHSE_500x500-370x370.png 370w, https:\/\/bezpecnenanete.eset.com\/sk\/wp-content\/uploads\/2023\/11\/EHSE_500x500-90x90.png 90w\" sizes=\"auto, (max-width: 500px) 100vw, 500px\" \/><\/figure>\n<\/div>\n\n\n\n<div class=\"wp-block-column is-vertically-aligned-center is-layout-flow wp-block-column-is-layout-flow\" style=\"flex-basis:49.7%\">\n<h2 class=\"wp-block-heading has-text-link-color has-text-color mt-0 pt-0\" id=\"ESET-Internet-Security\">ESET HOME Security Essential<\/h2>\n\n\n\n<p class=\"has-text-dark-color has-text-color\">Bezstarostn\u00e9&nbsp;platby<strong>&nbsp;<\/strong>a&nbsp;zabezpe\u010denie s\u00fakromia v\u010faka funkci\u00e1m, ako je&nbsp;anti-phishingov\u00e1 ochrana&nbsp;a&nbsp;ochrana Wi-Fi. <a href=\"https:\/\/www.eset.com\/sk\/internetova-ochrana-domacnosti\/urovne-ochrany\/?utm_source=bezpecnenanete.eset.com&amp;utm_medium=referral&amp;utm_campaign=bezpecnenanete-promo&amp;utm_content=LP-funkcie&amp;utm_term=LP-funkcie\" target=\"_blank\" rel=\"noreferrer noopener\">Presk\u00famajte v\u0161etky funkcie<\/a>.<\/p>\n\n\n\n<div class=\"wp-block-buttons is-horizontal is-content-justification-space-between is-layout-flex wp-container-core-buttons-is-layout-202c9dfe wp-block-buttons-is-layout-flex\">\n<div class=\"wp-block-button width-400\"><a class=\"wp-block-button__link no-border-radius wp-element-button\" href=\"https:\/\/www.eset.com\/sk\/internetova-ochrana-domacnosti\/antivirus-zdarma\/?utm_source=bezpecnenanete.eset.com&amp;utm_medium=referral&amp;utm_campaign=bezpecnenanete-promo&amp;utm_content=LP-stiahnut-bezplatne&amp;utm_term=LP-stiahnut-bezplatne\" target=\"_blank\" rel=\"noreferrer noopener\">Vysk\u00fa\u0161a\u0165 bezplatne na 30 dn\u00ed*<\/a><\/div>\n\n\n\n<div class=\"wp-block-button width-400 is-style-outline is-style-outline--1\"><a class=\"wp-block-button__link has-text-light-color has-text-color wp-element-button\" href=\"https:\/\/buy.eset.com\/sk\/new-cart?product=8011&amp;q=1&amp;p=1&amp;utm_source=bezpecnenanete.eset.com&amp;utm_medium=referral&amp;utm_campaign=bezpecnenanete-promo&amp;utm_content=LP-kupit-essential&amp;utm_term=LP-kupit-essential\" target=\"_blank\" rel=\"noreferrer noopener\">K\u00fapi\u0165<\/a><\/div>\n<\/div>\n\n\n\n<p class=\"has-text-light-color has-text-color has-small-font-size\">*30 dn\u00ed bezplatne, platobn\u00e1 karta nie je potrebn\u00e1. <br>*Sk\u00fa\u0161obn\u00e9 obdobie je k&nbsp;dispoz\u00edcii len pre&nbsp;vybran\u00e9 predplatn\u00e9.&nbsp;<\/p>\n<\/div>\n\n\n\n<div class=\"wp-block-column is-layout-flow wp-block-column-is-layout-flow\" style=\"flex-basis:9.3%\"><\/div>\n<\/div>\n<\/div><\/div>\n\n\n\n<hr class=\"wp-block-separator has-alpha-channel-opacity is-style-wide\"\/>\n\n\n\n<div class=\"wp-block-columns are-vertically-aligned-center reverse-columns-mobile is-layout-flex wp-container-core-columns-is-layout-9d6595d7 wp-block-columns-is-layout-flex\">\n<div class=\"wp-block-column is-vertically-aligned-center is-layout-flow wp-block-column-is-layout-flow\" style=\"flex-basis:9%\"><\/div>\n\n\n\n<div class=\"wp-block-column is-vertically-aligned-center is-layout-flow wp-block-column-is-layout-flow\" style=\"flex-basis:51%\">\n<h2 class=\"wp-block-heading has-text-align-left has-text-link-color has-text-color\" id=\"Mobile-Security\">ESET HOME Security Premium<\/h2>\n\n\n\n<p class=\"has-text-dark-color has-text-color\">Zv\u00fd\u0161te svoju ochranu pomocou n\u00e1stroja&nbsp;Password Manager,&nbsp;\u0161ifrovania&nbsp;citliv\u00fdch s\u00faborov a&nbsp;\u0161pi\u010dkovej detekcie hrozieb. <a href=\"https:\/\/www.eset.com\/sk\/internetova-ochrana-domacnosti\/urovne-ochrany\/?utm_source=bezpecnenanete.eset.com&amp;utm_medium=referral&amp;utm_campaign=bezpecnenanete-promo&amp;utm_content=LP-funkcie&amp;utm_term=LP-funkcie\" target=\"_blank\" rel=\"noreferrer noopener\">Presk\u00famajte v\u0161etky funkcie<\/a>.<\/p>\n\n\n\n<div class=\"wp-block-buttons is-horizontal is-content-justification-left is-layout-flex wp-container-core-buttons-is-layout-7e5fce0a wp-block-buttons-is-layout-flex\">\n<div class=\"wp-block-button alignleft width-400 is-style-fill\"><a class=\"wp-block-button__link no-border-radius wp-element-button\" href=\"https:\/\/www.eset.com\/sk\/internetova-ochrana-domacnosti\/antivirus-zdarma\/?utm_source=bezpecnenanete.eset.com&amp;utm_medium=referral&amp;utm_campaign=bezpecnenanete-promo&amp;utm_content=LP-stiahnut-bezplatne&amp;utm_term=LP-stiahnut-bezplatne\" target=\"_blank\" rel=\"noreferrer noopener\">Vysk\u00fa\u0161a\u0165 bezplatne na 30 dn\u00ed*<\/a><\/div>\n\n\n\n<div class=\"wp-block-button width-400 is-style-outline is-style-outline--2\"><a class=\"wp-block-button__link has-text-light-color has-text-color wp-element-button\" href=\"https:\/\/buy.eset.com\/sk\/new-cart?product=8010&amp;q=1&amp;p=1&amp;utm_source=bezpecnenanete.eset.com&amp;utm_medium=referral&amp;utm_campaign=bezpecnenanete-promo&amp;utm_content=LP-kupit-premium&amp;utm_term=LP-kupit-premium\" target=\"_blank\" rel=\"noreferrer noopener\">K\u00fapi\u0165<\/a><\/div>\n<\/div>\n\n\n\n<p class=\"has-text-light-color has-text-color has-small-font-size\">*30 dn\u00ed bezplatne, platobn\u00e1 karta nie je potrebn\u00e1<br>*Sk\u00fa\u0161obn\u00e9 obdobie je k&nbsp;dispoz\u00edcii len pre&nbsp;vybran\u00e9 predplatn\u00e9.&nbsp;<\/p>\n<\/div>\n\n\n\n<div class=\"wp-block-column is-layout-flow wp-block-column-is-layout-flow\" style=\"flex-basis:40%\">\n<figure class=\"wp-block-image size-full is-resized\"><img loading=\"lazy\" decoding=\"async\" width=\"500\" height=\"500\" src=\"https:\/\/bezpecnenanete.eset.com\/sk\/wp-content\/uploads\/2023\/11\/EHSP_500x500.png\" alt=\"\" class=\"wp-image-13004\" style=\"width:375px;height:408px\" srcset=\"https:\/\/bezpecnenanete.eset.com\/sk\/wp-content\/uploads\/2023\/11\/EHSP_500x500.png 500w, https:\/\/bezpecnenanete.eset.com\/sk\/wp-content\/uploads\/2023\/11\/EHSP_500x500-300x300.png 300w, https:\/\/bezpecnenanete.eset.com\/sk\/wp-content\/uploads\/2023\/11\/EHSP_500x500-150x150.png 150w, https:\/\/bezpecnenanete.eset.com\/sk\/wp-content\/uploads\/2023\/11\/EHSP_500x500-400x400.png 400w, https:\/\/bezpecnenanete.eset.com\/sk\/wp-content\/uploads\/2023\/11\/EHSP_500x500-370x370.png 370w, https:\/\/bezpecnenanete.eset.com\/sk\/wp-content\/uploads\/2023\/11\/EHSP_500x500-90x90.png 90w\" sizes=\"auto, (max-width: 500px) 100vw, 500px\" \/><\/figure>\n\n\n\n<p><\/p>\n<\/div>\n<\/div>\n\n\n\n<hr class=\"wp-block-separator has-alpha-channel-opacity is-style-wide\"\/>\n\n\n\n<div class=\"wp-block-columns are-vertically-aligned-center is-layout-flex wp-container-core-columns-is-layout-9d6595d7 wp-block-columns-is-layout-flex\">\n<div class=\"wp-block-column is-vertically-aligned-center is-layout-flow wp-block-column-is-layout-flow\" style=\"flex-basis:40%\">\n<figure class=\"wp-block-image size-full is-resized\"><img loading=\"lazy\" decoding=\"async\" width=\"500\" height=\"500\" src=\"https:\/\/bezpecnenanete.eset.com\/sk\/wp-content\/uploads\/2023\/11\/EHSU_500x500.png\" alt=\"\" class=\"wp-image-13005\" style=\"width:354px;height:384px\" srcset=\"https:\/\/bezpecnenanete.eset.com\/sk\/wp-content\/uploads\/2023\/11\/EHSU_500x500.png 500w, https:\/\/bezpecnenanete.eset.com\/sk\/wp-content\/uploads\/2023\/11\/EHSU_500x500-300x300.png 300w, https:\/\/bezpecnenanete.eset.com\/sk\/wp-content\/uploads\/2023\/11\/EHSU_500x500-150x150.png 150w, https:\/\/bezpecnenanete.eset.com\/sk\/wp-content\/uploads\/2023\/11\/EHSU_500x500-400x400.png 400w, https:\/\/bezpecnenanete.eset.com\/sk\/wp-content\/uploads\/2023\/11\/EHSU_500x500-370x370.png 370w, https:\/\/bezpecnenanete.eset.com\/sk\/wp-content\/uploads\/2023\/11\/EHSU_500x500-90x90.png 90w\" sizes=\"auto, (max-width: 500px) 100vw, 500px\" \/><\/figure>\n<\/div>\n\n\n\n<div class=\"wp-block-column is-vertically-aligned-center is-layout-flow wp-block-column-is-layout-flow\" style=\"flex-basis:48.25%\">\n<h2 class=\"wp-block-heading has-text-link-color has-text-color mt-0 pt-0\" id=\"security-pack\">ESET HOME Security Ultimate<\/h2>\n\n\n\n<p class=\"has-text-dark-color has-text-color\">Z\u00edskajte najlep\u0161\u00ed dostupn\u00fd pl\u00e1n zabezpe\u010denia doplnen\u00fd o&nbsp;VPN&nbsp;a&nbsp;funkciu&nbsp;\u010cistenia metad\u00e1t&nbsp;a&nbsp;bu\u010fte bez ob\u00e1v.<mark style=\"background-color:rgba(0, 0, 0, 0)\" class=\"has-inline-color has-text-link-color\"> <a href=\"https:\/\/www.eset.com\/sk\/internetova-ochrana-domacnosti\/family-security-pack\/?utm_source=bezpecnenanete.eset.com&amp;utm_medium=referral&amp;utm_campaign=bezpecnenanete-promo&amp;utm_content=nase-riesenia-link-viac-EFSP&amp;utm_term=nase-riesenia-link-viac-EFSP\" target=\"_blank\" rel=\"noreferrer noopener\"><\/a><a href=\"https:\/\/www.eset.com\/sk\/internetova-ochrana-domacnosti\/urovne-ochrany\/?utm_source=bezpecnenanete.eset.com&amp;utm_medium=referral&amp;utm_campaign=bezpecnenanete-promo&amp;utm_content=LP-funkcie&amp;utm_term=LP-funkcie\" target=\"_blank\" rel=\"noreferrer noopener\">Presk\u00famajte v\u0161etky funkcie<\/a><\/mark>.<br><\/p>\n\n\n\n<div class=\"wp-block-buttons is-horizontal is-content-justification-left is-layout-flex wp-container-core-buttons-is-layout-7e5fce0a wp-block-buttons-is-layout-flex\">\n<div class=\"wp-block-button width-400 is-style-outline is-style-outline--3\"><a class=\"wp-block-button__link has-text-light-color has-text-color no-border-radius wp-element-button\" href=\"https:\/\/buy.eset.com\/sk\/new-cart?product=8009&amp;q=1&amp;p=1&amp;utm_source=bezpecnenanete.eset.com&amp;utm_medium=referral&amp;utm_campaign=bezpecnenanete-promo&amp;utm_content=LP-kupit-ultimate&amp;utm_term=LP-kupit-ultimate\" target=\"_blank\" rel=\"noreferrer noopener\">K\u00fapi\u0165<\/a><\/div>\n<\/div>\n\n\n\n<p class=\"has-text-light-color has-text-color has-small-font-size\">*Sk\u00fa\u0161obn\u00e9 obdobie je k&nbsp;dispoz\u00edcii len pre&nbsp;vybran\u00e9 predplatn\u00e9.&nbsp;<\/p>\n<\/div>\n\n\n\n<div class=\"wp-block-column is-layout-flow wp-block-column-is-layout-flow\" style=\"flex-basis:11.75%\"><\/div>\n<\/div>\n\n\n\n<hr class=\"wp-block-separator has-alpha-channel-opacity is-style-wide\"\/>\n\n\n\n<p class=\"has-text-align-right has-text-light-color has-text-color\" style=\"font-size:11px\">*Cenn\u00edk pre dom\u00e1cnosti, z\u013eavy a podmienky prechodu na vy\u0161\u0161iu verziu. <a href=\"https:\/\/www.eset.com\/sk\/uzitocne-informacie-vop\/cenniky\/cennik-pre-domacnosti\/?utm_source=bezpecnenanete.eset.com&amp;utm_medium=referral&amp;utm_campaign=bezpecnenanete-promo&amp;utm_content=cennik-nase-riesenia&amp;utm_term=cennik-nase-riesenia\" target=\"_blank\" rel=\"noreferrer noopener\">Zisti\u0165 viac<\/a><\/p>\n\n\n\n<p><\/p>\n\n\n\n<p><\/p>\n\n\n\n<p><\/p>\n","protected":false},"excerpt":{"rendered":"<p>ESET HOME Security Essential Bezstarostn\u00e9&nbsp;platby&nbsp;a&nbsp;zabezpe\u010denie s\u00fakromia v\u010faka funkci\u00e1m, ako je&nbsp;anti-phishingov\u00e1 ochrana&nbsp;a&nbsp;ochrana Wi-Fi. Presk\u00famajte v\u0161etky funkcie. *30 dn\u00ed bezplatne, platobn\u00e1 karta nie je potrebn\u00e1. *Sk\u00fa\u0161obn\u00e9 obdobie je k&nbsp;dispoz\u00edcii len pre&nbsp;vybran\u00e9 predplatn\u00e9.&nbsp; ESET HOME Security Premium Zv\u00fd\u0161te svoju ochranu pomocou n\u00e1stroja&nbsp;Password Manager,&nbsp;\u0161ifrovania&nbsp;citliv\u00fdch s\u00faborov a&nbsp;\u0161pi\u010dkovej detekcie hrozieb. Presk\u00famajte v\u0161etky funkcie. *30 dn\u00ed bezplatne, platobn\u00e1 karta nie je potrebn\u00e1*Sk\u00fa\u0161obn\u00e9 obdobie je k&nbsp;dispoz\u00edcii len pre&nbsp;vybran\u00e9 predplatn\u00e9.&nbsp; ESET&hellip;<\/p>\n","protected":false},"author":7,"featured_media":5120,"parent":0,"menu_order":0,"comment_status":"closed","ping_status":"closed","template":"page-templates\/page-teacher-hero.php","meta":{"_coblocks_attr":"","_coblocks_dimensions":"{\"coblocks-hero-010123821963\":{\"padding\":{}}}","_coblocks_responsive_height":"","_coblocks_accordion_ie_support":"","footnotes":""},"class_list":["post-3794","page","type-page","status-publish","has-post-thumbnail","hentry"],"yoast_head":"<!-- This site is optimized with the Yoast SEO plugin v27.3 - https:\/\/yoast.com\/product\/yoast-seo-wordpress\/ -->\n<title>Bezpe\u010dnostn\u00e9 rie\u0161enia ESET pre dom\u00e1cich pou\u017e\u00edvate\u013eov | ESET<\/title>\n<meta name=\"description\" content=\"Bezpe\u010dnostn\u00e9 rie\u0161enia ESET chr\u00e1nia v\u00e1\u0161 digit\u00e1lny \u017eivot na ka\u017edom kroku.\" \/>\n<meta name=\"robots\" content=\"index, follow, max-snippet:-1, max-image-preview:large, max-video-preview:-1\" \/>\n<link rel=\"canonical\" href=\"https:\/\/bezpecnenanete.eset.com\/sk\/bezpecnostne-riesenia\/\" \/>\n<meta property=\"og:locale\" content=\"sk_SK\" \/>\n<meta property=\"og:type\" content=\"article\" \/>\n<meta property=\"og:title\" content=\"Bezpe\u010dnostn\u00e9 rie\u0161enia ESET pre dom\u00e1cich pou\u017e\u00edvate\u013eov | ESET\" \/>\n<meta property=\"og:description\" content=\"Bezpe\u010dnostn\u00e9 rie\u0161enia ESET chr\u00e1nia v\u00e1\u0161 digit\u00e1lny \u017eivot na ka\u017edom kroku.\" \/>\n<meta property=\"og:url\" content=\"https:\/\/bezpecnenanete.eset.com\/sk\/bezpecnostne-riesenia\/\" \/>\n<meta property=\"og:site_name\" content=\"Bezpe\u010dne na nete | ESET\" \/>\n<meta property=\"article:publisher\" content=\"https:\/\/www.facebook.com\/ESETnaSlovensku\/\" \/>\n<meta property=\"article:modified_time\" content=\"2026-04-08T11:51:27+00:00\" \/>\n<meta property=\"og:image\" content=\"https:\/\/bezpecnenanete.eset.com\/sk\/wp-content\/uploads\/2020\/06\/hlavny-banner-bezpecne-na-nete.jpg\" \/>\n\t<meta property=\"og:image:width\" content=\"2025\" \/>\n\t<meta property=\"og:image:height\" content=\"1350\" \/>\n\t<meta property=\"og:image:type\" content=\"image\/jpeg\" \/>\n<meta name=\"twitter:card\" content=\"summary_large_image\" \/>\n<meta name=\"twitter:label1\" content=\"Predpokladan\u00fd \u010das \u010d\u00edtania\" \/>\n\t<meta name=\"twitter:data1\" content=\"2 min\u00faty\" \/>\n<script type=\"application\/ld+json\" class=\"yoast-schema-graph\">{\"@context\":\"https:\\\/\\\/schema.org\",\"@graph\":[{\"@type\":\"WebPage\",\"@id\":\"https:\\\/\\\/bezpecnenanete.eset.com\\\/sk\\\/bezpecnostne-riesenia\\\/\",\"url\":\"https:\\\/\\\/bezpecnenanete.eset.com\\\/sk\\\/bezpecnostne-riesenia\\\/\",\"name\":\"Bezpe\u010dnostn\u00e9 rie\u0161enia ESET pre dom\u00e1cich pou\u017e\u00edvate\u013eov | ESET\",\"isPartOf\":{\"@id\":\"https:\\\/\\\/bezpecnenanete.eset.com\\\/sk\\\/#website\"},\"primaryImageOfPage\":{\"@id\":\"https:\\\/\\\/bezpecnenanete.eset.com\\\/sk\\\/bezpecnostne-riesenia\\\/#primaryimage\"},\"image\":{\"@id\":\"https:\\\/\\\/bezpecnenanete.eset.com\\\/sk\\\/bezpecnostne-riesenia\\\/#primaryimage\"},\"thumbnailUrl\":\"https:\\\/\\\/bezpecnenanete.eset.com\\\/sk\\\/wp-content\\\/uploads\\\/2020\\\/06\\\/hlavny-banner-bezpecne-na-nete.jpg\",\"datePublished\":\"2020-04-07T08:21:44+00:00\",\"dateModified\":\"2026-04-08T11:51:27+00:00\",\"description\":\"Bezpe\u010dnostn\u00e9 rie\u0161enia ESET chr\u00e1nia v\u00e1\u0161 digit\u00e1lny \u017eivot na ka\u017edom kroku.\",\"breadcrumb\":{\"@id\":\"https:\\\/\\\/bezpecnenanete.eset.com\\\/sk\\\/bezpecnostne-riesenia\\\/#breadcrumb\"},\"inLanguage\":\"sk-SK\",\"potentialAction\":[{\"@type\":\"ReadAction\",\"target\":[\"https:\\\/\\\/bezpecnenanete.eset.com\\\/sk\\\/bezpecnostne-riesenia\\\/\"]}]},{\"@type\":\"ImageObject\",\"inLanguage\":\"sk-SK\",\"@id\":\"https:\\\/\\\/bezpecnenanete.eset.com\\\/sk\\\/bezpecnostne-riesenia\\\/#primaryimage\",\"url\":\"https:\\\/\\\/bezpecnenanete.eset.com\\\/sk\\\/wp-content\\\/uploads\\\/2020\\\/06\\\/hlavny-banner-bezpecne-na-nete.jpg\",\"contentUrl\":\"https:\\\/\\\/bezpecnenanete.eset.com\\\/sk\\\/wp-content\\\/uploads\\\/2020\\\/06\\\/hlavny-banner-bezpecne-na-nete.jpg\",\"width\":2025,\"height\":1350,\"caption\":\"kateg\u00f3ria \u0161kodliv\u00fd k\u00f3d\"},{\"@type\":\"BreadcrumbList\",\"@id\":\"https:\\\/\\\/bezpecnenanete.eset.com\\\/sk\\\/bezpecnostne-riesenia\\\/#breadcrumb\",\"itemListElement\":[{\"@type\":\"ListItem\",\"position\":1,\"name\":\"Domovsk\u00e1 str\u00e1nka\",\"item\":\"https:\\\/\\\/bezpecnenanete.eset.com\\\/sk\\\/\"},{\"@type\":\"ListItem\",\"position\":2,\"name\":\"Na\u0161e bezpe\u010dnostn\u00e9 rie\u0161enia\"}]},{\"@type\":\"WebSite\",\"@id\":\"https:\\\/\\\/bezpecnenanete.eset.com\\\/sk\\\/#website\",\"url\":\"https:\\\/\\\/bezpecnenanete.eset.com\\\/sk\\\/\",\"name\":\"Bezpe\u010dne na nete | ESET\",\"description\":\"Praktick\u00e9 rady, ako rozpozna\u0165 digit\u00e1lne hrozby.\",\"publisher\":{\"@id\":\"https:\\\/\\\/bezpecnenanete.eset.com\\\/sk\\\/#organization\"},\"potentialAction\":[{\"@type\":\"SearchAction\",\"target\":{\"@type\":\"EntryPoint\",\"urlTemplate\":\"https:\\\/\\\/bezpecnenanete.eset.com\\\/sk\\\/?s={search_term_string}\"},\"query-input\":{\"@type\":\"PropertyValueSpecification\",\"valueRequired\":true,\"valueName\":\"search_term_string\"}}],\"inLanguage\":\"sk-SK\"},{\"@type\":\"Organization\",\"@id\":\"https:\\\/\\\/bezpecnenanete.eset.com\\\/sk\\\/#organization\",\"name\":\"Bezpe\u010dne na nete | ESET\",\"url\":\"https:\\\/\\\/bezpecnenanete.eset.com\\\/sk\\\/\",\"logo\":{\"@type\":\"ImageObject\",\"inLanguage\":\"sk-SK\",\"@id\":\"https:\\\/\\\/bezpecnenanete.eset.com\\\/sk\\\/#\\\/schema\\\/logo\\\/image\\\/\",\"url\":\"https:\\\/\\\/bezpecnenanete.eset.com\\\/sk\\\/wp-content\\\/uploads\\\/2022\\\/10\\\/bnn.svg\",\"contentUrl\":\"https:\\\/\\\/bezpecnenanete.eset.com\\\/sk\\\/wp-content\\\/uploads\\\/2022\\\/10\\\/bnn.svg\",\"caption\":\"Bezpe\u010dne na nete | ESET\"},\"image\":{\"@id\":\"https:\\\/\\\/bezpecnenanete.eset.com\\\/sk\\\/#\\\/schema\\\/logo\\\/image\\\/\"},\"sameAs\":[\"https:\\\/\\\/www.facebook.com\\\/ESETnaSlovensku\\\/\",\"https:\\\/\\\/www.instagram.com\\\/eset_slovensko\\\/\",\"https:\\\/\\\/www.linkedin.com\\\/company\\\/eset\",\"https:\\\/\\\/www.youtube.com\\\/channel\\\/UCtuph4SwEvitc5T-0cE1FuA\"]}]}<\/script>\n<!-- \/ Yoast SEO plugin. -->","yoast_head_json":{"title":"Bezpe\u010dnostn\u00e9 rie\u0161enia ESET pre dom\u00e1cich pou\u017e\u00edvate\u013eov | ESET","description":"Bezpe\u010dnostn\u00e9 rie\u0161enia ESET chr\u00e1nia v\u00e1\u0161 digit\u00e1lny \u017eivot na ka\u017edom kroku.","robots":{"index":"index","follow":"follow","max-snippet":"max-snippet:-1","max-image-preview":"max-image-preview:large","max-video-preview":"max-video-preview:-1"},"canonical":"https:\/\/bezpecnenanete.eset.com\/sk\/bezpecnostne-riesenia\/","og_locale":"sk_SK","og_type":"article","og_title":"Bezpe\u010dnostn\u00e9 rie\u0161enia ESET pre dom\u00e1cich pou\u017e\u00edvate\u013eov | ESET","og_description":"Bezpe\u010dnostn\u00e9 rie\u0161enia ESET chr\u00e1nia v\u00e1\u0161 digit\u00e1lny \u017eivot na ka\u017edom kroku.","og_url":"https:\/\/bezpecnenanete.eset.com\/sk\/bezpecnostne-riesenia\/","og_site_name":"Bezpe\u010dne na nete | ESET","article_publisher":"https:\/\/www.facebook.com\/ESETnaSlovensku\/","article_modified_time":"2026-04-08T11:51:27+00:00","og_image":[{"width":2025,"height":1350,"url":"https:\/\/bezpecnenanete.eset.com\/sk\/wp-content\/uploads\/2020\/06\/hlavny-banner-bezpecne-na-nete.jpg","type":"image\/jpeg"}],"twitter_card":"summary_large_image","twitter_misc":{"Predpokladan\u00fd \u010das \u010d\u00edtania":"2 min\u00faty"},"schema":{"@context":"https:\/\/schema.org","@graph":[{"@type":"WebPage","@id":"https:\/\/bezpecnenanete.eset.com\/sk\/bezpecnostne-riesenia\/","url":"https:\/\/bezpecnenanete.eset.com\/sk\/bezpecnostne-riesenia\/","name":"Bezpe\u010dnostn\u00e9 rie\u0161enia ESET pre dom\u00e1cich pou\u017e\u00edvate\u013eov | ESET","isPartOf":{"@id":"https:\/\/bezpecnenanete.eset.com\/sk\/#website"},"primaryImageOfPage":{"@id":"https:\/\/bezpecnenanete.eset.com\/sk\/bezpecnostne-riesenia\/#primaryimage"},"image":{"@id":"https:\/\/bezpecnenanete.eset.com\/sk\/bezpecnostne-riesenia\/#primaryimage"},"thumbnailUrl":"https:\/\/bezpecnenanete.eset.com\/sk\/wp-content\/uploads\/2020\/06\/hlavny-banner-bezpecne-na-nete.jpg","datePublished":"2020-04-07T08:21:44+00:00","dateModified":"2026-04-08T11:51:27+00:00","description":"Bezpe\u010dnostn\u00e9 rie\u0161enia ESET chr\u00e1nia v\u00e1\u0161 digit\u00e1lny \u017eivot na ka\u017edom kroku.","breadcrumb":{"@id":"https:\/\/bezpecnenanete.eset.com\/sk\/bezpecnostne-riesenia\/#breadcrumb"},"inLanguage":"sk-SK","potentialAction":[{"@type":"ReadAction","target":["https:\/\/bezpecnenanete.eset.com\/sk\/bezpecnostne-riesenia\/"]}]},{"@type":"ImageObject","inLanguage":"sk-SK","@id":"https:\/\/bezpecnenanete.eset.com\/sk\/bezpecnostne-riesenia\/#primaryimage","url":"https:\/\/bezpecnenanete.eset.com\/sk\/wp-content\/uploads\/2020\/06\/hlavny-banner-bezpecne-na-nete.jpg","contentUrl":"https:\/\/bezpecnenanete.eset.com\/sk\/wp-content\/uploads\/2020\/06\/hlavny-banner-bezpecne-na-nete.jpg","width":2025,"height":1350,"caption":"kateg\u00f3ria \u0161kodliv\u00fd k\u00f3d"},{"@type":"BreadcrumbList","@id":"https:\/\/bezpecnenanete.eset.com\/sk\/bezpecnostne-riesenia\/#breadcrumb","itemListElement":[{"@type":"ListItem","position":1,"name":"Domovsk\u00e1 str\u00e1nka","item":"https:\/\/bezpecnenanete.eset.com\/sk\/"},{"@type":"ListItem","position":2,"name":"Na\u0161e bezpe\u010dnostn\u00e9 rie\u0161enia"}]},{"@type":"WebSite","@id":"https:\/\/bezpecnenanete.eset.com\/sk\/#website","url":"https:\/\/bezpecnenanete.eset.com\/sk\/","name":"Bezpe\u010dne na nete | ESET","description":"Praktick\u00e9 rady, ako rozpozna\u0165 digit\u00e1lne hrozby.","publisher":{"@id":"https:\/\/bezpecnenanete.eset.com\/sk\/#organization"},"potentialAction":[{"@type":"SearchAction","target":{"@type":"EntryPoint","urlTemplate":"https:\/\/bezpecnenanete.eset.com\/sk\/?s={search_term_string}"},"query-input":{"@type":"PropertyValueSpecification","valueRequired":true,"valueName":"search_term_string"}}],"inLanguage":"sk-SK"},{"@type":"Organization","@id":"https:\/\/bezpecnenanete.eset.com\/sk\/#organization","name":"Bezpe\u010dne na nete | ESET","url":"https:\/\/bezpecnenanete.eset.com\/sk\/","logo":{"@type":"ImageObject","inLanguage":"sk-SK","@id":"https:\/\/bezpecnenanete.eset.com\/sk\/#\/schema\/logo\/image\/","url":"https:\/\/bezpecnenanete.eset.com\/sk\/wp-content\/uploads\/2022\/10\/bnn.svg","contentUrl":"https:\/\/bezpecnenanete.eset.com\/sk\/wp-content\/uploads\/2022\/10\/bnn.svg","caption":"Bezpe\u010dne na nete | ESET"},"image":{"@id":"https:\/\/bezpecnenanete.eset.com\/sk\/#\/schema\/logo\/image\/"},"sameAs":["https:\/\/www.facebook.com\/ESETnaSlovensku\/","https:\/\/www.instagram.com\/eset_slovensko\/","https:\/\/www.linkedin.com\/company\/eset","https:\/\/www.youtube.com\/channel\/UCtuph4SwEvitc5T-0cE1FuA"]}]}},"post_mailing_queue_ids":[],"_links":{"self":[{"href":"https:\/\/bezpecnenanete.eset.com\/sk\/wp-json\/wp\/v2\/pages\/3794","targetHints":{"allow":["GET"]}}],"collection":[{"href":"https:\/\/bezpecnenanete.eset.com\/sk\/wp-json\/wp\/v2\/pages"}],"about":[{"href":"https:\/\/bezpecnenanete.eset.com\/sk\/wp-json\/wp\/v2\/types\/page"}],"author":[{"embeddable":true,"href":"https:\/\/bezpecnenanete.eset.com\/sk\/wp-json\/wp\/v2\/users\/7"}],"replies":[{"embeddable":true,"href":"https:\/\/bezpecnenanete.eset.com\/sk\/wp-json\/wp\/v2\/comments?post=3794"}],"version-history":[{"count":104,"href":"https:\/\/bezpecnenanete.eset.com\/sk\/wp-json\/wp\/v2\/pages\/3794\/revisions"}],"predecessor-version":[{"id":16740,"href":"https:\/\/bezpecnenanete.eset.com\/sk\/wp-json\/wp\/v2\/pages\/3794\/revisions\/16740"}],"wp:featuredmedia":[{"embeddable":true,"href":"https:\/\/bezpecnenanete.eset.com\/sk\/wp-json\/wp\/v2\/media\/5120"}],"wp:attachment":[{"href":"https:\/\/bezpecnenanete.eset.com\/sk\/wp-json\/wp\/v2\/media?parent=3794"}],"curies":[{"name":"wp","href":"https:\/\/api.w.org\/{rel}","templated":true}]}}