{"id":10697,"date":"2022-09-06T13:22:36","date_gmt":"2022-09-06T13:22:36","guid":{"rendered":"https:\/\/bezpecnenanete.eset.com\/sk\/?page_id=10697"},"modified":"2022-09-06T13:22:36","modified_gmt":"2022-09-06T13:22:36","slug":"newsletter-bezpecne-na-nete","status":"publish","type":"page","link":"https:\/\/bezpecnenanete.eset.com\/sk\/newsletter-bezpecne-na-nete\/","title":{"rendered":"Newsletter Bezpe\u010dne na nete"},"content":{"rendered":"\n<h2 class=\"has-text-align-left has-text-hover-color has-text-color wp-block-heading\">Newsletter Bezpe\u010dne na nete<\/h2>\n\n\n\n<div class=\"subscribers-form blue\"><h3>Chr\u00e1\u0148te sa na internete! \ud83d\ude80 Z\u00edskajte u\u017eito\u010dn\u00e9 tipy priamo do schr\u00e1nky. Prihl\u00e1ste sa na odber n\u00e1\u0161ho newslettra.<\/h3><div class=\"emaillist\" id=\"es_form_f1-n1\"><form action=\"\/sk\/wp-json\/wp\/v2\/pages\/10697#es_form_f1-n1\" method=\"post\" class=\"es_subscription_form es_shortcode_form  es_ajax_subscription_form\" id=\"es_subscription_form_69df8609e69db\" data-source=\"ig-es\" data-form-id=\"1\"><div class=\"es-field-wrap ig-es-form-field\"><label class=\"es-field-label\"><input class=\"es_required_field es_txt_email ig_es_form_field_email ig-es-form-input\" type=\"email\" name=\"esfpx_email\" value=\"\" placeholder=\"Zadajte svoj email\" required=\"required\" \/><\/label><\/div><input type=\"hidden\" name=\"esfpx_lists[]\" value=\"d6e737d02770\" \/><input type=\"hidden\" name=\"esfpx_lists[]\" value=\"7ee3790c5565\" \/><input type=\"hidden\" name=\"esfpx_form_id\" value=\"1\" \/><input type=\"hidden\" name=\"es\" value=\"subscribe\" \/>\n\t\t\t<input type=\"hidden\" name=\"esfpx_es_form_identifier\" value=\"f1-n1\" \/>\n\t\t\t<input type=\"hidden\" name=\"esfpx_es_email_page\" value=\"10697\" \/>\n\t\t\t<input type=\"hidden\" name=\"esfpx_es_email_page_url\" value=\"https:\/\/bezpecnenanete.eset.com\/sk\/newsletter-bezpecne-na-nete\/\" \/>\n\t\t\t<input type=\"hidden\" name=\"esfpx_status\" value=\"Unconfirmed\" \/>\n\t\t\t<input type=\"hidden\" name=\"esfpx_es-subscribe\" id=\"es-subscribe-69df8609e69db\" value=\"17a1c2b163\" \/>\n\t\t\t<label style=\"position:absolute;top:-99999px;left:-99999px;z-index:-99;\" aria-hidden=\"true\"><span hidden>Please leave this field empty.<\/span><input type=\"email\" name=\"esfpx_es_hp_email\" class=\"es_required_field\" tabindex=\"-1\" autocomplete=\"-1\" value=\"\" \/><\/label><label style=\"display: inline\"><input type=\"checkbox\" name=\"es_gdpr_consent\" value=\"true\" required=\"required\" \/>&nbsp;S\u00fahlas\u00edm s prihl\u00e1sen\u00edm na odber newslettera a \u010fal\u0161\u00edch marketingov\u00fdch materi\u00e1lov prostredn\u00edctvom emailu. Viac inform\u00e1ci\u00ed o sprac\u00favan\u00ed osobn\u00fdch \u00fadajov je k dispoz\u00edcii na str\u00e1nke venovanej  <a href=\"https:\/\/www.eset.com\/sk\/ochrana-sukromia\/\" target=\"_blank\">Ochrane s\u00fakromia<\/a>.<\/label><br \/><input type=\"submit\" name=\"submit\" class=\"es_subscription_form_submit es_submit_button es_textbox_button\" id=\"es_subscription_form_submit_69df8609e69db\" value=\"Odosla\u0165\" \/><span class=\"es_spinner_image\" id=\"spinner-image\"><img decoding=\"async\" src=\"https:\/\/bezpecnenanete.eset.com\/sk\/wp-content\/plugins\/email-subscribers\/lite\/public\/images\/spinner.gif\" alt=\"Loading\" \/><\/span><\/form><span class=\"es_subscription_message \" id=\"es_subscription_message_69df8609e69db\" role=\"alert\" aria-live=\"assertive\"><\/span><\/div><\/div>\n\n\n\n<p><\/p>\n\n\n\n<p><\/p>\n","protected":false},"excerpt":{"rendered":"<p>Newsletter Bezpe\u010dne na nete<\/p>\n","protected":false},"author":5,"featured_media":0,"parent":0,"menu_order":0,"comment_status":"closed","ping_status":"closed","template":"page-templates\/page-slim-content.php","meta":{"_coblocks_attr":"","_coblocks_dimensions":"","_coblocks_responsive_height":"","_coblocks_accordion_ie_support":"","footnotes":""},"class_list":["post-10697","page","type-page","status-publish","hentry"],"yoast_head":"<!-- This site is optimized with the Yoast SEO plugin v27.0 - https:\/\/yoast.com\/product\/yoast-seo-wordpress\/ -->\n<title>Newsletter Bezpe\u010dne na nete | ESET<\/title>\n<meta name=\"description\" content=\"Z\u00edskajte praktick\u00e9 rady o bezpe\u010dnosti na internete. Prihl\u00e1ste sa na odber n\u00e1\u0161ho newslettra Bezpe\u010dne na nete.\" \/>\n<meta name=\"robots\" content=\"index, follow, max-snippet:-1, max-image-preview:large, max-video-preview:-1\" \/>\n<link rel=\"canonical\" href=\"https:\/\/bezpecnenanete.eset.com\/sk\/newsletter-bezpecne-na-nete\/\" \/>\n<meta property=\"og:locale\" content=\"sk_SK\" \/>\n<meta property=\"og:type\" content=\"article\" \/>\n<meta property=\"og:title\" content=\"Newsletter Bezpe\u010dne na nete | ESET\" \/>\n<meta property=\"og:description\" content=\"Z\u00edskajte praktick\u00e9 rady o bezpe\u010dnosti na internete. Prihl\u00e1ste sa na odber n\u00e1\u0161ho newslettra Bezpe\u010dne na nete.\" \/>\n<meta property=\"og:url\" content=\"https:\/\/bezpecnenanete.eset.com\/sk\/newsletter-bezpecne-na-nete\/\" \/>\n<meta property=\"og:site_name\" content=\"Bezpe\u010dne na nete | ESET\" \/>\n<meta property=\"article:publisher\" content=\"https:\/\/www.facebook.com\/ESETnaSlovensku\/\" \/>\n<meta name=\"twitter:card\" content=\"summary_large_image\" \/>\n<meta name=\"twitter:label1\" content=\"Predpokladan\u00fd \u010das \u010d\u00edtania\" \/>\n\t<meta name=\"twitter:data1\" content=\"1 min\u00fata\" \/>\n<script type=\"application\/ld+json\" class=\"yoast-schema-graph\">{\"@context\":\"https:\/\/schema.org\",\"@graph\":[{\"@type\":\"WebPage\",\"@id\":\"https:\/\/bezpecnenanete.eset.com\/sk\/newsletter-bezpecne-na-nete\/\",\"url\":\"https:\/\/bezpecnenanete.eset.com\/sk\/newsletter-bezpecne-na-nete\/\",\"name\":\"Newsletter Bezpe\u010dne na nete | ESET\",\"isPartOf\":{\"@id\":\"https:\/\/bezpecnenanete.eset.com\/sk\/#website\"},\"datePublished\":\"2022-09-06T13:22:36+00:00\",\"description\":\"Z\u00edskajte praktick\u00e9 rady o bezpe\u010dnosti na internete. Prihl\u00e1ste sa na odber n\u00e1\u0161ho newslettra Bezpe\u010dne na nete.\",\"breadcrumb\":{\"@id\":\"https:\/\/bezpecnenanete.eset.com\/sk\/newsletter-bezpecne-na-nete\/#breadcrumb\"},\"inLanguage\":\"sk-SK\",\"potentialAction\":[{\"@type\":\"ReadAction\",\"target\":[\"https:\/\/bezpecnenanete.eset.com\/sk\/newsletter-bezpecne-na-nete\/\"]}]},{\"@type\":\"BreadcrumbList\",\"@id\":\"https:\/\/bezpecnenanete.eset.com\/sk\/newsletter-bezpecne-na-nete\/#breadcrumb\",\"itemListElement\":[{\"@type\":\"ListItem\",\"position\":1,\"name\":\"Domovsk\u00e1 str\u00e1nka\",\"item\":\"https:\/\/bezpecnenanete.eset.com\/sk\/\"},{\"@type\":\"ListItem\",\"position\":2,\"name\":\"Newsletter Bezpe\u010dne na nete\"}]},{\"@type\":\"WebSite\",\"@id\":\"https:\/\/bezpecnenanete.eset.com\/sk\/#website\",\"url\":\"https:\/\/bezpecnenanete.eset.com\/sk\/\",\"name\":\"Bezpe\u010dne na nete | ESET\",\"description\":\"Praktick\u00e9 rady, ako rozpozna\u0165 digit\u00e1lne hrozby.\",\"publisher\":{\"@id\":\"https:\/\/bezpecnenanete.eset.com\/sk\/#organization\"},\"potentialAction\":[{\"@type\":\"SearchAction\",\"target\":{\"@type\":\"EntryPoint\",\"urlTemplate\":\"https:\/\/bezpecnenanete.eset.com\/sk\/?s={search_term_string}\"},\"query-input\":{\"@type\":\"PropertyValueSpecification\",\"valueRequired\":true,\"valueName\":\"search_term_string\"}}],\"inLanguage\":\"sk-SK\"},{\"@type\":\"Organization\",\"@id\":\"https:\/\/bezpecnenanete.eset.com\/sk\/#organization\",\"name\":\"Bezpe\u010dne na nete | ESET\",\"url\":\"https:\/\/bezpecnenanete.eset.com\/sk\/\",\"logo\":{\"@type\":\"ImageObject\",\"inLanguage\":\"sk-SK\",\"@id\":\"https:\/\/bezpecnenanete.eset.com\/sk\/#\/schema\/logo\/image\/\",\"url\":\"https:\/\/bezpecnenanete.eset.com\/sk\/wp-content\/uploads\/2022\/10\/bnn.svg\",\"contentUrl\":\"https:\/\/bezpecnenanete.eset.com\/sk\/wp-content\/uploads\/2022\/10\/bnn.svg\",\"caption\":\"Bezpe\u010dne na nete | ESET\"},\"image\":{\"@id\":\"https:\/\/bezpecnenanete.eset.com\/sk\/#\/schema\/logo\/image\/\"},\"sameAs\":[\"https:\/\/www.facebook.com\/ESETnaSlovensku\/\",\"https:\/\/www.instagram.com\/eset_slovensko\/\",\"https:\/\/www.linkedin.com\/company\/eset\",\"https:\/\/www.youtube.com\/channel\/UCtuph4SwEvitc5T-0cE1FuA\"]}]}<\/script>\n<!-- \/ Yoast SEO plugin. -->","yoast_head_json":{"title":"Newsletter Bezpe\u010dne na nete | ESET","description":"Z\u00edskajte praktick\u00e9 rady o bezpe\u010dnosti na internete. Prihl\u00e1ste sa na odber n\u00e1\u0161ho newslettra Bezpe\u010dne na nete.","robots":{"index":"index","follow":"follow","max-snippet":"max-snippet:-1","max-image-preview":"max-image-preview:large","max-video-preview":"max-video-preview:-1"},"canonical":"https:\/\/bezpecnenanete.eset.com\/sk\/newsletter-bezpecne-na-nete\/","og_locale":"sk_SK","og_type":"article","og_title":"Newsletter Bezpe\u010dne na nete | ESET","og_description":"Z\u00edskajte praktick\u00e9 rady o bezpe\u010dnosti na internete. Prihl\u00e1ste sa na odber n\u00e1\u0161ho newslettra Bezpe\u010dne na nete.","og_url":"https:\/\/bezpecnenanete.eset.com\/sk\/newsletter-bezpecne-na-nete\/","og_site_name":"Bezpe\u010dne na nete | ESET","article_publisher":"https:\/\/www.facebook.com\/ESETnaSlovensku\/","twitter_card":"summary_large_image","twitter_misc":{"Predpokladan\u00fd \u010das \u010d\u00edtania":"1 min\u00fata"},"schema":{"@context":"https:\/\/schema.org","@graph":[{"@type":"WebPage","@id":"https:\/\/bezpecnenanete.eset.com\/sk\/newsletter-bezpecne-na-nete\/","url":"https:\/\/bezpecnenanete.eset.com\/sk\/newsletter-bezpecne-na-nete\/","name":"Newsletter Bezpe\u010dne na nete | ESET","isPartOf":{"@id":"https:\/\/bezpecnenanete.eset.com\/sk\/#website"},"datePublished":"2022-09-06T13:22:36+00:00","description":"Z\u00edskajte praktick\u00e9 rady o bezpe\u010dnosti na internete. Prihl\u00e1ste sa na odber n\u00e1\u0161ho newslettra Bezpe\u010dne na nete.","breadcrumb":{"@id":"https:\/\/bezpecnenanete.eset.com\/sk\/newsletter-bezpecne-na-nete\/#breadcrumb"},"inLanguage":"sk-SK","potentialAction":[{"@type":"ReadAction","target":["https:\/\/bezpecnenanete.eset.com\/sk\/newsletter-bezpecne-na-nete\/"]}]},{"@type":"BreadcrumbList","@id":"https:\/\/bezpecnenanete.eset.com\/sk\/newsletter-bezpecne-na-nete\/#breadcrumb","itemListElement":[{"@type":"ListItem","position":1,"name":"Domovsk\u00e1 str\u00e1nka","item":"https:\/\/bezpecnenanete.eset.com\/sk\/"},{"@type":"ListItem","position":2,"name":"Newsletter Bezpe\u010dne na nete"}]},{"@type":"WebSite","@id":"https:\/\/bezpecnenanete.eset.com\/sk\/#website","url":"https:\/\/bezpecnenanete.eset.com\/sk\/","name":"Bezpe\u010dne na nete | ESET","description":"Praktick\u00e9 rady, ako rozpozna\u0165 digit\u00e1lne hrozby.","publisher":{"@id":"https:\/\/bezpecnenanete.eset.com\/sk\/#organization"},"potentialAction":[{"@type":"SearchAction","target":{"@type":"EntryPoint","urlTemplate":"https:\/\/bezpecnenanete.eset.com\/sk\/?s={search_term_string}"},"query-input":{"@type":"PropertyValueSpecification","valueRequired":true,"valueName":"search_term_string"}}],"inLanguage":"sk-SK"},{"@type":"Organization","@id":"https:\/\/bezpecnenanete.eset.com\/sk\/#organization","name":"Bezpe\u010dne na nete | ESET","url":"https:\/\/bezpecnenanete.eset.com\/sk\/","logo":{"@type":"ImageObject","inLanguage":"sk-SK","@id":"https:\/\/bezpecnenanete.eset.com\/sk\/#\/schema\/logo\/image\/","url":"https:\/\/bezpecnenanete.eset.com\/sk\/wp-content\/uploads\/2022\/10\/bnn.svg","contentUrl":"https:\/\/bezpecnenanete.eset.com\/sk\/wp-content\/uploads\/2022\/10\/bnn.svg","caption":"Bezpe\u010dne na nete | ESET"},"image":{"@id":"https:\/\/bezpecnenanete.eset.com\/sk\/#\/schema\/logo\/image\/"},"sameAs":["https:\/\/www.facebook.com\/ESETnaSlovensku\/","https:\/\/www.instagram.com\/eset_slovensko\/","https:\/\/www.linkedin.com\/company\/eset","https:\/\/www.youtube.com\/channel\/UCtuph4SwEvitc5T-0cE1FuA"]}]}},"post_mailing_queue_ids":[],"_links":{"self":[{"href":"https:\/\/bezpecnenanete.eset.com\/sk\/wp-json\/wp\/v2\/pages\/10697","targetHints":{"allow":["GET"]}}],"collection":[{"href":"https:\/\/bezpecnenanete.eset.com\/sk\/wp-json\/wp\/v2\/pages"}],"about":[{"href":"https:\/\/bezpecnenanete.eset.com\/sk\/wp-json\/wp\/v2\/types\/page"}],"author":[{"embeddable":true,"href":"https:\/\/bezpecnenanete.eset.com\/sk\/wp-json\/wp\/v2\/users\/5"}],"replies":[{"embeddable":true,"href":"https:\/\/bezpecnenanete.eset.com\/sk\/wp-json\/wp\/v2\/comments?post=10697"}],"version-history":[{"count":5,"href":"https:\/\/bezpecnenanete.eset.com\/sk\/wp-json\/wp\/v2\/pages\/10697\/revisions"}],"predecessor-version":[{"id":10703,"href":"https:\/\/bezpecnenanete.eset.com\/sk\/wp-json\/wp\/v2\/pages\/10697\/revisions\/10703"}],"wp:attachment":[{"href":"https:\/\/bezpecnenanete.eset.com\/sk\/wp-json\/wp\/v2\/media?parent=10697"}],"curies":[{"name":"wp","href":"https:\/\/api.w.org\/{rel}","templated":true}]}}